{"id":163,"date":"2025-11-21T20:27:08","date_gmt":"2025-11-21T12:27:08","guid":{"rendered":"https:\/\/www.huirenfoam.com\/?page_id=163"},"modified":"2026-01-05T23:27:09","modified_gmt":"2026-01-05T15:27:09","slug":"about-us","status":"publish","type":"page","link":"https:\/\/www.huirenfoam.com\/es\/about-us","title":{"rendered":"SOBRE NOSOTROS"},"content":{"rendered":"<h1 class=\"wp-block-heading has-background-color has-text-color has-link-color wp-elements-4b468c97101c047428bf445557e2ad92\" style=\"margin-top:0;margin-right:var(--wp--preset--spacing--20);margin-bottom:var(--wp--preset--spacing--50);margin-left:var(--wp--preset--spacing--20);padding-right:0;padding-left:0;font-size:50px\"><strong><strong>Acerca de HuiRen<\/strong><\/strong><\/h1>\n\n\n\n<p class=\"has-text-color has-link-color wp-elements-c04cb96f86264ff4d01a5defa97c73b5\" style=\"color:#5b5c5e;margin-right:var(--wp--preset--spacing--20);margin-bottom:var(--wp--preset--spacing--70);margin-left:var(--wp--preset--spacing--20);font-size:18px\">Bienvenido a Taicang HuiRen Packaging Materials Co., Ltd., una f\u00e1brica l\u00edder dedicada a la fabricaci\u00f3n de embalajes protectores personalizados de alta calidad. Durante dos d\u00e9cadas, hemos sido el socio de confianza de clientes B2B en todo el mundo, trascendiendo el papel de un simple comerciante para ofrecerle ventajas directas de fabricaci\u00f3n: rentabilidad superior, riguroso control de calidad y personalizaci\u00f3n fluida desde el concepto hasta la finalizaci\u00f3n. Nuestros costos energ\u00e9ticos. Nuestra tecnolog\u00eda avanzada garantiza la m\u00e1xima eficiencia, fiabilidad y respeto al medio ambiente para hogares, empresas y comunidades.<\/p>\n\n\n\n<div class=\"wp-block-columns are-vertically-aligned-center is-layout-flex wp-container-core-columns-is-layout-ec2e7a44 wp-block-columns-is-layout-flex\" style=\"padding-top:0;padding-bottom:0\">\n<div class=\"wp-block-column is-vertically-aligned-center is-content-justification-center is-layout-constrained wp-container-core-column-is-layout-ffce93fd wp-block-column-is-layout-constrained\" style=\"flex-basis:45%\">\n<div class=\"wp-block-group is-layout-constrained wp-block-group-is-layout-constrained\">\n<div class=\"wp-block-group is-layout-constrained wp-block-group-is-layout-constrained\">\n<figure class=\"wp-block-video aligncenter\" style=\"padding-top:0;padding-right:0rem;padding-bottom:0;padding-left:0\"><video height=\"1080\" style=\"aspect-ratio: 1442 \/ 1080;\" width=\"1442\" controls poster=\"https:\/\/www.huirenfoam.com\/wp-content\/uploads\/2025\/11\/first-1.webp\" preload=\"auto\" src=\"https:\/\/www.huirenfoam.com\/wp-content\/uploads\/2025\/11\/huirenv11080p-1.mp4\" playsinline><\/video><\/figure>\n<\/div>\n<\/div>\n<\/div>\n\n\n\n<div class=\"wp-block-column is-vertically-aligned-center has-medium-font-size is-layout-flow wp-block-column-is-layout-flow\" style=\"padding-top:0;padding-right:var(--wp--preset--spacing--20);padding-bottom:0;padding-left:var(--wp--preset--spacing--20);flex-basis:60%\">\n<p class=\"has-text-align-left has-text-color has-link-color wp-elements-c8a9a5a1202251b4ff8d860c414be177\" style=\"color:#5b5c5e;margin-top:var(--wp--preset--spacing--50);margin-right:var(--wp--preset--spacing--20);margin-bottom:var(--wp--preset--spacing--50);margin-left:var(--wp--preset--spacing--20);font-size:17px\">Con sede en Suzhou, China, tambi\u00e9n tenemos dos bases de producci\u00f3n en Nantong y Wuhan, para un total de tres f\u00e1bricas. Esta infraestructura robusta garantiza una capacidad de producci\u00f3n escalable y un suministro fiable para cumplir con sus exigentes plazos.<\/p>\n\n\n\n<p class=\"has-text-align-left has-text-color has-link-color wp-elements-00b3521466a93014fa42dfe5bf4e194f\" style=\"color:#5b5c5e;margin-top:var(--wp--preset--spacing--50);margin-right:var(--wp--preset--spacing--20);margin-bottom:var(--wp--preset--spacing--50);margin-left:var(--wp--preset--spacing--20);font-size:17px\">Nuestra principal experiencia reside en el dise\u00f1o personalizado de una amplia gama de materiales de embalaje, incluyendo paneles de espuma de poliestireno expandido (EPS), espuma de poliestireno expandido (EPS) de forma irregular, algod\u00f3n perlado de polietileno expandido (EPE), paneles XPS y bolsas de burbujas, adaptados a sus especificaciones exactas de forma, tama\u00f1o y rendimiento. Dise\u00f1amos nuestras soluciones para ofrecer una amortiguaci\u00f3n excepcional, resistencia a los impactos, resistencia a la humedad, aislamiento t\u00e9rmico, compresi\u00f3n y retardancia del fuego.<\/p>\n\n\n\n<p class=\"has-text-align-left has-text-color has-link-color wp-elements-d6da8e13f4383241fbaafb67f351aac9\" style=\"color:#5b5c5e;margin-top:var(--wp--preset--spacing--50);margin-right:var(--wp--preset--spacing--20);margin-bottom:var(--wp--preset--spacing--50);margin-left:var(--wp--preset--spacing--20);font-size:17px\">Los productos que fabricamos son fundamentales para el env\u00edo y almacenamiento seguro de mercanc\u00edas en diversas industrias como muebles, iluminaci\u00f3n, ferreter\u00eda y electrodom\u00e9sticos, electr\u00f3nica, cer\u00e1mica, construcci\u00f3n y agricultura.<\/p>\n\n\n\n<p class=\"has-text-align-left has-text-color has-link-color wp-elements-57f13123fff75b5b39d32719b37b60dd\" style=\"color:#5b5c5e;margin-top:var(--wp--preset--spacing--50);margin-right:var(--wp--preset--spacing--20);margin-bottom:var(--wp--preset--spacing--50);margin-left:var(--wp--preset--spacing--20);font-size:17px\">En HuiRen, sus necesidades \u00fanicas impulsan nuestro proceso. \u00danase a nosotros para experimentar la diferencia de trabajar directamente con un fabricante experto.<\/p>\n<\/div>\n<\/div>\n\n\n<main class=\"wp-block-group post-page-area\" style=\"padding-top:0;padding-right:var(--wp--preset--spacing--50);padding-bottom:var(--wp--preset--spacing--70);padding-left:var(--wp--preset--spacing--50)\">\n  <style>\n    \/* \u5168\u5c40\u6837\u5f0f\u91cd\u7f6e\uff0c\u907f\u514d\u6d4f\u89c8\u5668\u9ed8\u8ba4\u8fb9\u8ddd\u5f71\u54cd *\/\n    * {\n      margin: 0;\n      padding: 0;\n      box-sizing: border-box; \/* \u5173\u952e\uff1a\u8ba9padding\u4e0d\u5360\u7528\u989d\u5916\u5bbd\u5ea6 *\/\n    }\n    .cert-section {\n      max-width: 1400px; \/* \u6269\u5927\u6700\u5927\u5bbd\u5ea6\uff0c\u7ed94\u5217\u66f4\u591a\u7a7a\u95f4 *\/\n      margin: 0 auto;\n      padding: 2rem 0; \/* \u53d6\u6d88\u5de6\u53f3\u5185\u8fb9\u8ddd\uff0c\u907f\u514d\u5360\u7528\u5bbd\u5ea6 *\/\n    }\n    .section-title {\n      font-size: 2rem;\n      font-weight: bold;\n      color: #111827;\n      margin-bottom: 1.5rem;\n      text-align: center;\n    }\n    \/* \u6838\u5fc3\u4fee\u590d\uff1a\u5f3a\u5236\u4e00\u884c4\u5217\uff0c\u4e0d\u6362\u884c *\/\n    .cert-container {\n      display: flex;\n      flex-wrap: nowrap; \/* \u7981\u7528\u6362\u884c\uff01\u5f3a\u5236\u5728\u4e00\u884c\u663e\u793a *\/\n      gap: 0.5rem; \/* \u6700\u5c0f\u95f4\u8ddd\uff0c\u4ec5\u7559\u7ec6\u5fae\u7a7a\u9699 *\/\n      margin-bottom: 3rem;\n      overflow-x: auto; \/* \u6781\u7aef\u5c0f\u5c4f\u5e55\u65f6\u6a2a\u5411\u6eda\u52a8\uff0c\u4e0d\u6362\u884c *\/\n      padding-bottom: 0.5rem; \/* \u6a2a\u5411\u6eda\u52a8\u6761\u4e0d\u906e\u6321\u5185\u5bb9 *\/\n    }\n    .cert-item {\n      flex: 0 0 calc(25% - 0.375rem); \/* \u7cbe\u51c6\u8ba1\u7b97\uff1a4\u5217=25%\u6bcf\u5217\uff0c\u51cf\u53bbgap\u76841\/4 *\/\n      display: flex;\n      flex-direction: column;\n      align-items: center;\n      padding: 0.5rem;\n      background: #f9fafb;\n      border-radius: 0.75rem;\n      box-shadow: 0 1px 3px rgba(0,0,0,0.05);\n      transition: transform 0.3s ease, box-shadow 0.3s ease;\n    }\n    .cert-item:hover {\n      transform: translateY(-5px);\n      box-shadow: 0 12px 28px -8px rgba(0, 0, 0, 0.15);\n    }\n    .cert-img {\n      width: 100%;\n      height: auto;\n      max-height: 350px; \/* \u9002\u5f53\u964d\u4f4e\u6700\u5927\u9ad8\u5ea6\uff0c\u9002\u914d\u5217\u5bbd *\/\n      object-fit: contain;\n      border-radius: 0.5rem;\n    }\n    \/* \u5de5\u5382\u56fe\u7247\u9ad8\u5ea6\u8c03\u9ad8\u5230380px\uff08\u6838\u5fc3\u4fee\u6539\uff09- \u6062\u590d\u539f\u59cb\u6837\u5f0f *\/\n    .factory-container {\n      display: flex;\n      flex-wrap: wrap;\n      gap: 1.5rem;\n      margin-bottom: 3rem; \/* \u6062\u590d\u539f\u59cb\u6837\u5f0f\uff0c\u53bb\u6389\u4e4b\u524d\u9519\u8bef\u6dfb\u52a0\u7684margin\u548cmax-width *\/\n    }\n    .factory-item {\n      flex: 1 1 calc(50% - 1.5rem);\n      min-width: 300px;\n      border-radius: 0.75rem;\n      overflow: hidden;\n      box-shadow: 0 1px 3px rgba(0,0,0,0.05);\n      transition: transform 0.3s ease, box-shadow 0.3s ease;\n    }\n    .factory-item:hover {\n      transform: translateY(-5px);\n      box-shadow: 0 12px 28px -8px rgba(0, 0, 0, 0.15);\n    }\n    .factory-img {\n      width: 100%;\n      height: 380px; \/* \u4ece300px\u8c03\u9ad8\u5230380px\uff0c\u66f4\u9971\u6ee1 *\/\n      object-fit: cover; \/* \u4fdd\u6301\u56fe\u7247\u6bd4\u4f8b\uff0c\u4e0d\u62c9\u4f38 *\/\n    }\n    \/* \u767d\u8272\u6309\u94ae\u6837\u5f0f\u56fa\u5b9a *\/\n    .contact-section {\n      background: #2563eb;\n      color: white;\n      border-radius: 0.75rem;\n      padding: 2.5rem 1rem;\n      text-align: center;\n      max-width: 1400px;\n      margin: 0 auto;\n    }\n    .contact-title {\n      font-size: 1.8rem;\n      font-weight: bold;\n      margin-bottom: 1rem;\n    }\n    .contact-desc {\n      max-width: 600px;\n      margin: 0 auto 1.5rem;\n      line-height: 1.6;\n    }\n    .contact-btn {\n      display: inline-block;\n      background: white !important;\n      color: #2563eb !important;\n      font-weight: 600;\n      padding: 0.8rem 2rem;\n      border-radius: 0.5rem;\n      text-decoration: none;\n      transition: background 0.3s ease;\n      border: none;\n    }\n    .contact-btn:hover {\n      background: #f3f4f6 !important;\n      color: #2563eb !important;\n    }\n\n    \/* TranslatePress\u6eda\u52a8\u4fee\u590d *\/\n    .translatepress-language-switcher .translation-languages {\n      max-height: 300px !important;\n      overflow-y: auto !important;\n      z-index: 99999 !important;\n      overflow-x: hidden !important;\n    }\n    .post-page-area, .wp-block-columns, .wp-block-column {\n      overflow: visible !important;\n    }\n\n    \/* \u54cd\u5e94\u5f0f\u9002\u914d\uff1a\u5c0f\u5c4f\u5e55\uff08\u624b\u673a\uff09\u81ea\u52a8\u6362\u884c *\/\n    @media (max-width: 768px) {\n      .cert-container {\n        flex-wrap: wrap; \/* \u624b\u673a\u7aef\u6062\u590d\u6362\u884c *\/\n      }\n      .cert-item {\n        flex: 1 1 calc(50% - 0.5rem); \/* \u624b\u673a\u7aef\u4e00\u884c2\u5217\uff0c\u66f4\u7f8e\u89c2 *\/\n      }\n      .factory-img {\n        height: 280px; \/* \u624b\u673a\u7aef\u5de5\u5382\u56fe\u7247\u9ad8\u5ea6\u9002\u5f53\u964d\u4f4e\uff0c\u907f\u514d\u8fc7\u9ad8 *\/\n      }\n      \/* \u65b0\u589e\uff1a\u4ec5\u79fb\u52a8\u7aef\u8ba9\u5de5\u5382\u5bb9\u5668\u5185\u5143\u7d20\u6c34\u5e73\u5c45\u4e2d\uff0c\u4e0d\u6539\u53d8\u5bbd\u5ea6 *\/\n      .factory-container {\n        justify-content: center; \/* flex\u5e03\u5c40\u4e13\u5c5e\u5c45\u4e2d\uff0c\u4e0d\u6536\u7f29\u56fe\u7247\u5bbd\u5ea6 *\/\n      }\n    }\n  <\/style>\n\n  <!-- \u8d44\u8d28\u5c55\u793a\u533a\uff08\u5f3a\u5236\u4e00\u884c4\u5217\uff09 -->\n  <div class=\"cert-section\">\n    <h2 class=\"section-title\">Nuestras certificaciones y f\u00e1brica<\/h2>\n    \n    <div class=\"bg-white rounded-xl p-6 shadow-sm mb-12\" style=\"padding: 2rem !important;\">\n      <h3 class=\"section-title\" style=\"font-size: 1.5rem; margin-bottom: 1.5rem;\">Certificaciones e informes de pruebas<\/h3>\n      <div class=\"cert-container\">\n        <!-- \u8d44\u8d28\u56fe\u72471 -->\n        <div class=\"cert-item\">\n          <img decoding=\"async\" src=\"https:\/\/www.huirenfoam.com\/wp-content\/uploads\/2025\/11\/Business-License.jpg\" \n               alt=\"Licencia comercial de HuiRen - Fabricante de envases legales\" \n               class=\"cert-img\" loading=\"lazy\">\n        <\/div>\n        <!-- \u8d44\u8d28\u56fe\u72472 -->\n        <div class=\"cert-item\">\n          <img decoding=\"async\" src=\"https:\/\/oss.huirenfoam.com\/test%20report1.webp\" \n               alt=\"Informe de prueba de la f\u00e1brica de espuma HuiRen de China: certificaci\u00f3n de calidad\" \n               class=\"cert-img\" loading=\"lazy\">\n        <\/div>\n        <!-- \u8d44\u8d28\u56fe\u72473 -->\n        <div class=\"cert-item\">\n          <img decoding=\"async\" src=\"https:\/\/oss.huirenfoam.com\/test%20report2.webp\" \n               alt=\"Informe de prueba de espuma HuiRen: verificaci\u00f3n del rendimiento\" \n               class=\"cert-img\" loading=\"lazy\">\n        <\/div>\n        <!-- \u8d44\u8d28\u56fe\u72474 -->\n        <div class=\"cert-item\">\n          <img decoding=\"async\" src=\"https:\/\/oss.huirenfoam.com\/test%20report3.webp\" \n               alt=\"Informe de prueba de espuma moldeada HuiRen: Cumplimiento de seguridad\" \n               class=\"cert-img\" loading=\"lazy\">\n        <\/div>\n      <\/div>\n    <\/div>\n\n    <!-- \u5de5\u5382\u5b9e\u666f\u5c55\u793a\u533a\uff08\u9ad8\u5ea6380px\uff09 -->\n    <div class=\"bg-white rounded-xl p-6 shadow-sm mb-12\" style=\"padding: 2rem !important;\">\n      <h3 class=\"section-title\" style=\"font-size: 1.5rem; margin-bottom: 1.5rem;\">Visita a la f\u00e1brica<\/h3>\n      <div class=\"factory-container\">\n        <!-- \u5de5\u5382\u56fe\u72471 -->\n        <div class=\"factory-item\">\n          <img decoding=\"async\" src=\"https:\/\/oss.huirenfoam.com\/Expanded%20Polystyrene%20Foam.jpg\" \n               alt=\"Exterior de la f\u00e1brica de espuma HuiRen: moderna planta de producci\u00f3n de espuma al por mayor\" \n               class=\"factory-img\" loading=\"lazy\">\n        <\/div>\n        <!-- \u5de5\u5382\u56fe\u72472 -->\n        <div class=\"factory-item\">\n          <img decoding=\"async\" src=\"https:\/\/www.huirenfoam.com\/wp-content\/uploads\/2025\/11\/EPS-production-equipment-edited-1024x768.webp\" \n               alt=\"Equipos de EPS al por mayor de HuiRen - Fabricaci\u00f3n avanzada\" \n               class=\"factory-img\" loading=\"lazy\">\n        <\/div>\n        <!-- \u5de5\u5382\u56fe\u72473 -->\n        <div class=\"factory-item\">\n          <img decoding=\"async\" src=\"https:\/\/www.huirenfoam.com\/wp-content\/uploads\/2025\/12\/Molded-EPS-Foam-Custom-scaled.webp\" \n               alt=\"Espuma EPS moldeada a medida\" \n               class=\"factory-img\" loading=\"lazy\">\n        <\/div>\n        <!-- \u5de5\u5382\u56fe\u72474 -->\n        <div class=\"factory-item\">\n          <img decoding=\"async\" src=\"https:\/\/www.huirenfoam.com\/wp-content\/uploads\/2025\/11\/Foam-Warehouse-1-edited-1024x768.webp\" \n               alt=\"Almac\u00e9n personalizado HuiRen EPS: capacidad de almacenamiento a gran escala\" \n               class=\"factory-img\" loading=\"lazy\">\n        <\/div>\n      <\/div>\n    <\/div>\n\n    <!-- \u8054\u7cfb\u5f15\u5bfc\u533a -->\n    <div class=\"contact-section\">\n      <h3 class=\"contact-title\">Asociese con HuiRen hoy<\/h3>\n      <p class=\"contact-desc\">\u00bfLe interesa nuestra capacidad de producci\u00f3n o necesita soluciones de embalaje personalizadas? Cont\u00e1ctenos para solicitar un presupuesto gratuito o programar una visita a la f\u00e1brica.<\/p>\n      <a href=\"https:\/\/www.huirenfoam.com\/es\/contact\/\" class=\"contact-btn\">Cont\u00e1ctenos ahora<\/a>\n    <\/div>\n  <\/div>\n<\/main>","protected":false},"excerpt":{"rendered":"<p>About HuiRen Welcome to Taicang HuiRen Packaging Materials Co., Ltd., a leading source factory dedicated to manufacturing high-quality, custom protective packaging. For two decades, we have been the trusted partner for B2B clients worldwide, moving beyond the role of a mere trader to offer you direct manufacturing advantages: superior cost-effectiveness, stringent quality control, and seamless [&hellip;]<\/p>","protected":false},"author":1,"featured_media":0,"parent":0,"menu_order":0,"comment_status":"closed","ping_status":"closed","template":"","meta":{"footnotes":""},"class_list":["post-163","page","type-page","status-publish","hentry"],"yoast_head":"<!-- This site is optimized with the Yoast SEO plugin v26.4 - https:\/\/yoast.com\/wordpress\/plugins\/seo\/ -->\n<title>ABOUT US - HuiRen - China B2B Packaging Manufacturer | EPS\/EPE\/XPS Foam Custom Solutions<\/title>\n<meta name=\"description\" content=\"HuiRen - China B2B Packaging Manufacturer | EPS\/EPE\/XPS Foam Custom Solutions ABOUT US\" \/>\n<meta name=\"robots\" content=\"index, follow, max-snippet:-1, max-image-preview:large, max-video-preview:-1\" \/>\n<link rel=\"canonical\" href=\"https:\/\/www.huirenfoam.com\/es\/about-us\" \/>\n<meta property=\"og:locale\" content=\"es_ES\" \/>\n<meta property=\"og:type\" content=\"article\" \/>\n<meta property=\"og:title\" content=\"ABOUT US - HuiRen - China B2B Packaging Manufacturer | EPS\/EPE\/XPS Foam Custom Solutions\" \/>\n<meta property=\"og:description\" content=\"HuiRen - China B2B Packaging Manufacturer | EPS\/EPE\/XPS Foam Custom Solutions ABOUT US\" \/>\n<meta property=\"og:url\" content=\"https:\/\/www.huirenfoam.com\/es\/about-us\" \/>\n<meta property=\"og:site_name\" content=\"HuiRen - China B2B Packaging Manufacturer | EPS\/EPE\/XPS Foam Custom Solutions\" \/>\n<meta property=\"article:publisher\" content=\"https:\/\/www.facebook.com\/huirenfoam\" \/>\n<meta property=\"article:modified_time\" content=\"2026-01-05T15:27:09+00:00\" \/>\n<meta property=\"og:image\" content=\"https:\/\/www.huirenfoam.com\/wp-content\/uploads\/2025\/11\/Business-License.jpg\" \/>\n<meta name=\"twitter:card\" content=\"summary_large_image\" \/>\n<meta name=\"twitter:site\" content=\"@huirenfoam\" \/>\n<meta name=\"twitter:label1\" content=\"Tiempo de lectura\" \/>\n\t<meta name=\"twitter:data1\" content=\"1 minuto\" \/>\n<script type=\"application\/ld+json\" class=\"yoast-schema-graph\">{\"@context\":\"https:\/\/schema.org\",\"@graph\":[{\"@type\":\"WebPage\",\"@id\":\"https:\/\/www.huirenfoam.com\/about-us\",\"url\":\"https:\/\/www.huirenfoam.com\/about-us\",\"name\":\"ABOUT US - HuiRen - China B2B Packaging Manufacturer | EPS\/EPE\/XPS Foam Custom Solutions\",\"isPartOf\":{\"@id\":\"https:\/\/www.huirenfoam.com\/#website\"},\"primaryImageOfPage\":{\"@id\":\"https:\/\/www.huirenfoam.com\/about-us#primaryimage\"},\"image\":{\"@id\":\"https:\/\/www.huirenfoam.com\/about-us#primaryimage\"},\"thumbnailUrl\":\"https:\/\/www.huirenfoam.com\/wp-content\/uploads\/2025\/11\/Business-License.jpg\",\"datePublished\":\"2025-11-21T12:27:08+00:00\",\"dateModified\":\"2026-01-05T15:27:09+00:00\",\"description\":\"HuiRen - China B2B Packaging Manufacturer | EPS\/EPE\/XPS Foam Custom Solutions ABOUT US\",\"breadcrumb\":{\"@id\":\"https:\/\/www.huirenfoam.com\/about-us#breadcrumb\"},\"inLanguage\":\"es\",\"potentialAction\":[{\"@type\":\"ReadAction\",\"target\":[\"https:\/\/www.huirenfoam.com\/about-us\"]}]},{\"@type\":\"ImageObject\",\"inLanguage\":\"es\",\"@id\":\"https:\/\/www.huirenfoam.com\/about-us#primaryimage\",\"url\":\"https:\/\/www.huirenfoam.com\/wp-content\/uploads\/2025\/11\/Business-License.jpg\",\"contentUrl\":\"https:\/\/www.huirenfoam.com\/wp-content\/uploads\/2025\/11\/Business-License.jpg\"},{\"@type\":\"BreadcrumbList\",\"@id\":\"https:\/\/www.huirenfoam.com\/about-us#breadcrumb\",\"itemListElement\":[{\"@type\":\"ListItem\",\"position\":1,\"name\":\"\u9996\u9875\",\"item\":\"https:\/\/www.huirenfoam.com\/\"},{\"@type\":\"ListItem\",\"position\":2,\"name\":\"ABOUT US\"}]},{\"@type\":\"WebSite\",\"@id\":\"https:\/\/www.huirenfoam.com\/#website\",\"url\":\"https:\/\/www.huirenfoam.com\/\",\"name\":\"HuiRen - China B2B Packaging Manufacturer | EPS\/EPE\/XPS Custom Solutions\",\"description\":\"Direct Supplier of Expanded Polystyrene Foam, Molded EPS Foam, Expanded Polyethylene Foam and XPS Boards from China Suzhou Factory\",\"publisher\":{\"@id\":\"https:\/\/www.huirenfoam.com\/#organization\"},\"alternateName\":\"HuiRen Packaging Materials\",\"potentialAction\":[{\"@type\":\"SearchAction\",\"target\":{\"@type\":\"EntryPoint\",\"urlTemplate\":\"https:\/\/www.huirenfoam.com\/?s={search_term_string}\"},\"query-input\":{\"@type\":\"PropertyValueSpecification\",\"valueRequired\":true,\"valueName\":\"search_term_string\"}}],\"inLanguage\":\"es\"},{\"@type\":\"Organization\",\"@id\":\"https:\/\/www.huirenfoam.com\/#organization\",\"name\":\"HuiRen - China B2B Packaging Manufacturer | EPS\/EPE\/XPS Custom Solutions\",\"url\":\"https:\/\/www.huirenfoam.com\/\",\"logo\":{\"@type\":\"ImageObject\",\"inLanguage\":\"es\",\"@id\":\"https:\/\/www.huirenfoam.com\/#\/schema\/logo\/image\/\",\"url\":\"https:\/\/www.huirenfoam.com\/wp-content\/uploads\/2025\/11\/HuiRen-LOGO.png\",\"contentUrl\":\"https:\/\/www.huirenfoam.com\/wp-content\/uploads\/2025\/11\/HuiRen-LOGO.png\",\"width\":1684,\"height\":946,\"caption\":\"HuiRen - China B2B Packaging Manufacturer | EPS\/EPE\/XPS Custom Solutions\"},\"image\":{\"@id\":\"https:\/\/www.huirenfoam.com\/#\/schema\/logo\/image\/\"},\"sameAs\":[\"https:\/\/www.facebook.com\/huirenfoam\",\"https:\/\/x.com\/huirenfoam\"]}]}<\/script>\n<!-- \/ Yoast SEO plugin. -->","yoast_head_json":{"title":"ACERCA DE NOSOTROS - HuiRen - Fabricante de embalajes B2B en China | Soluciones personalizadas de espuma EPS\/EPE\/XPS","description":"HuiRen - China B2B Packaging Manufacturer | EPS\/EPE\/XPS Foam Custom Solutions ABOUT US","robots":{"index":"index","follow":"follow","max-snippet":"max-snippet:-1","max-image-preview":"max-image-preview:large","max-video-preview":"max-video-preview:-1"},"canonical":"https:\/\/www.huirenfoam.com\/es\/about-us","og_locale":"es_ES","og_type":"article","og_title":"ABOUT US - HuiRen - China B2B Packaging Manufacturer | EPS\/EPE\/XPS Foam Custom Solutions","og_description":"HuiRen - China B2B Packaging Manufacturer | EPS\/EPE\/XPS Foam Custom Solutions ABOUT US","og_url":"https:\/\/www.huirenfoam.com\/es\/about-us","og_site_name":"HuiRen - China B2B Packaging Manufacturer | EPS\/EPE\/XPS Foam Custom Solutions","article_publisher":"https:\/\/www.facebook.com\/huirenfoam","article_modified_time":"2026-01-05T15:27:09+00:00","og_image":[{"url":"https:\/\/www.huirenfoam.com\/wp-content\/uploads\/2025\/11\/Business-License.jpg","type":"","width":"","height":""}],"twitter_card":"summary_large_image","twitter_site":"@huirenfoam","twitter_misc":{"Tiempo de lectura":"1 minuto"},"schema":{"@context":"https:\/\/schema.org","@graph":[{"@type":"WebPage","@id":"https:\/\/www.huirenfoam.com\/about-us","url":"https:\/\/www.huirenfoam.com\/about-us","name":"ACERCA DE NOSOTROS - HuiRen - Fabricante de embalajes B2B en China | Soluciones personalizadas de espuma EPS\/EPE\/XPS","isPartOf":{"@id":"https:\/\/www.huirenfoam.com\/#website"},"primaryImageOfPage":{"@id":"https:\/\/www.huirenfoam.com\/about-us#primaryimage"},"image":{"@id":"https:\/\/www.huirenfoam.com\/about-us#primaryimage"},"thumbnailUrl":"https:\/\/www.huirenfoam.com\/wp-content\/uploads\/2025\/11\/Business-License.jpg","datePublished":"2025-11-21T12:27:08+00:00","dateModified":"2026-01-05T15:27:09+00:00","description":"HuiRen - China B2B Packaging Manufacturer | EPS\/EPE\/XPS Foam Custom Solutions ABOUT US","breadcrumb":{"@id":"https:\/\/www.huirenfoam.com\/about-us#breadcrumb"},"inLanguage":"es","potentialAction":[{"@type":"ReadAction","target":["https:\/\/www.huirenfoam.com\/about-us"]}]},{"@type":"ImageObject","inLanguage":"es","@id":"https:\/\/www.huirenfoam.com\/about-us#primaryimage","url":"https:\/\/www.huirenfoam.com\/wp-content\/uploads\/2025\/11\/Business-License.jpg","contentUrl":"https:\/\/www.huirenfoam.com\/wp-content\/uploads\/2025\/11\/Business-License.jpg"},{"@type":"BreadcrumbList","@id":"https:\/\/www.huirenfoam.com\/about-us#breadcrumb","itemListElement":[{"@type":"ListItem","position":1,"name":"\u9996\u9875","item":"https:\/\/www.huirenfoam.com\/"},{"@type":"ListItem","position":2,"name":"ABOUT US"}]},{"@type":"WebSite","@id":"https:\/\/www.huirenfoam.com\/#website","url":"https:\/\/www.huirenfoam.com\/","name":"HuiRen - Fabricante chino de embalajes B2B | Soluciones personalizadas de EPS\/EPE\/XPS","description":"Proveedor directo de espuma de poliestireno expandido, espuma de EPS moldeada, espuma de polietileno expandido y tableros XPS de la f\u00e1brica de Suzhou, China.","publisher":{"@id":"https:\/\/www.huirenfoam.com\/#organization"},"alternateName":"HuiRen Packaging Materials","potentialAction":[{"@type":"SearchAction","target":{"@type":"EntryPoint","urlTemplate":"https:\/\/www.huirenfoam.com\/?s={search_term_string}"},"query-input":{"@type":"PropertyValueSpecification","valueRequired":true,"valueName":"search_term_string"}}],"inLanguage":"es"},{"@type":"Organization","@id":"https:\/\/www.huirenfoam.com\/#organization","name":"HuiRen - Fabricante chino de embalajes B2B | Soluciones personalizadas de EPS\/EPE\/XPS","url":"https:\/\/www.huirenfoam.com\/","logo":{"@type":"ImageObject","inLanguage":"es","@id":"https:\/\/www.huirenfoam.com\/#\/schema\/logo\/image\/","url":"https:\/\/www.huirenfoam.com\/wp-content\/uploads\/2025\/11\/HuiRen-LOGO.png","contentUrl":"https:\/\/www.huirenfoam.com\/wp-content\/uploads\/2025\/11\/HuiRen-LOGO.png","width":1684,"height":946,"caption":"HuiRen - China B2B Packaging Manufacturer | EPS\/EPE\/XPS Custom Solutions"},"image":{"@id":"https:\/\/www.huirenfoam.com\/#\/schema\/logo\/image\/"},"sameAs":["https:\/\/www.facebook.com\/huirenfoam","https:\/\/x.com\/huirenfoam"]}]}},"_links":{"self":[{"href":"https:\/\/www.huirenfoam.com\/es\/wp-json\/wp\/v2\/pages\/163","targetHints":{"allow":["GET"]}}],"collection":[{"href":"https:\/\/www.huirenfoam.com\/es\/wp-json\/wp\/v2\/pages"}],"about":[{"href":"https:\/\/www.huirenfoam.com\/es\/wp-json\/wp\/v2\/types\/page"}],"author":[{"embeddable":true,"href":"https:\/\/www.huirenfoam.com\/es\/wp-json\/wp\/v2\/users\/1"}],"replies":[{"embeddable":true,"href":"https:\/\/www.huirenfoam.com\/es\/wp-json\/wp\/v2\/comments?post=163"}],"version-history":[{"count":66,"href":"https:\/\/www.huirenfoam.com\/es\/wp-json\/wp\/v2\/pages\/163\/revisions"}],"predecessor-version":[{"id":1510,"href":"https:\/\/www.huirenfoam.com\/es\/wp-json\/wp\/v2\/pages\/163\/revisions\/1510"}],"wp:attachment":[{"href":"https:\/\/www.huirenfoam.com\/es\/wp-json\/wp\/v2\/media?parent=163"}],"curies":[{"name":"wp","href":"https:\/\/api.w.org\/{rel}","templated":true}]}}